{"id":4153,"date":"2022-03-09T18:48:37","date_gmt":"2022-03-09T18:48:37","guid":{"rendered":"https:\/\/www.periscope365.com\/apoyo\/"},"modified":"2022-05-03T15:36:06","modified_gmt":"2022-05-03T15:36:06","slug":"apoyo","status":"publish","type":"page","link":"https:\/\/www.periscope365.com\/es\/apoyo\/","title":{"rendered":"Apoyo"},"content":{"rendered":"\t\t<div data-elementor-type=\"wp-page\" data-elementor-id=\"4153\" class=\"elementor elementor-4153 elementor-3468\">\n\t\t\t\t\t\t\t\t\t<section class=\"elementor-section elementor-top-section elementor-element elementor-element-44f9d7a elementor-section-height-min-height elementor-section-boxed elementor-section-height-default elementor-section-items-middle\" data-id=\"44f9d7a\" data-element_type=\"section\" id=\"supportcontainer\" data-settings=\"{&quot;background_background&quot;:&quot;classic&quot;}\">\n\t\t\t\t\t\t<div class=\"elementor-container elementor-column-gap-wide\">\n\t\t\t\t\t<div class=\"elementor-column elementor-col-100 elementor-top-column elementor-element elementor-element-cdcf3c8\" data-id=\"cdcf3c8\" data-element_type=\"column\" id=\"supportheading\">\n\t\t\t<div class=\"elementor-widget-wrap elementor-element-populated\">\n\t\t\t\t\t\t\t\t<div class=\"elementor-element elementor-element-cde1b48 elementor-widget elementor-widget-heading\" data-id=\"cde1b48\" data-element_type=\"widget\" data-widget_type=\"heading.default\">\n\t\t\t\t<div class=\"elementor-widget-container\">\n\t\t\t<h1 class=\"elementor-heading-title elementor-size-default\">Soporte con el que puede contar<\/h1>\t\t<\/div>\n\t\t\t\t<\/div>\n\t\t\t\t<div class=\"elementor-element elementor-element-d4c6477 elementor-widget elementor-widget-heading\" data-id=\"d4c6477\" data-element_type=\"widget\" data-widget_type=\"heading.default\">\n\t\t\t\t<div class=\"elementor-widget-container\">\n\t\t\t<div class=\"elementor-heading-title elementor-size-default\">El Departamento de TI de Periscope est\u00e1 aqu\u00ed para ayudarlo con tiempos de respuesta r\u00e1pidos y un servicio excepcional, lo que hace que su experiencia en el sitio web sea fluida y f\u00e1cil. <\/div>\t\t<\/div>\n\t\t\t\t<\/div>\n\t\t\t\t\t<\/div>\n\t\t<\/div>\n\t\t\t\t\t\t\t<\/div>\n\t\t<\/section>\n\t\t\t\t<section class=\"elementor-section elementor-top-section elementor-element elementor-element-72eb0fe elementor-section-boxed elementor-section-height-default elementor-section-height-default\" data-id=\"72eb0fe\" data-element_type=\"section\">\n\t\t\t\t\t\t<div class=\"elementor-container elementor-column-gap-default\">\n\t\t\t\t\t<div class=\"elementor-column elementor-col-50 elementor-top-column elementor-element elementor-element-b252502\" data-id=\"b252502\" data-element_type=\"column\">\n\t\t\t<div class=\"elementor-widget-wrap elementor-element-populated\">\n\t\t\t\t\t\t\t\t<section class=\"elementor-section elementor-inner-section elementor-element elementor-element-f069098 elementor-section-boxed elementor-section-height-default elementor-section-height-default\" data-id=\"f069098\" data-element_type=\"section\">\n\t\t\t\t\t\t<div class=\"elementor-container elementor-column-gap-default\">\n\t\t\t\t\t<div class=\"elementor-column elementor-col-50 elementor-inner-column elementor-element elementor-element-29a5fe0\" data-id=\"29a5fe0\" data-element_type=\"column\">\n\t\t\t<div class=\"elementor-widget-wrap elementor-element-populated\">\n\t\t\t\t\t\t\t\t<div class=\"elementor-element elementor-element-b5e7255 elementor-view-default elementor-widget elementor-widget-icon\" data-id=\"b5e7255\" data-element_type=\"widget\" data-widget_type=\"icon.default\">\n\t\t\t\t<div class=\"elementor-widget-container\">\n\t\t\t\t\t<div class=\"elementor-icon-wrapper\">\n\t\t\t<div class=\"elementor-icon\">\n\t\t\t<i aria-hidden=\"true\" class=\"far fa-envelope\"><\/i>\t\t\t<\/div>\n\t\t<\/div>\n\t\t\t\t<\/div>\n\t\t\t\t<\/div>\n\t\t\t\t\t<\/div>\n\t\t<\/div>\n\t\t\t\t<div class=\"elementor-column elementor-col-50 elementor-inner-column elementor-element elementor-element-7e053d4\" data-id=\"7e053d4\" data-element_type=\"column\">\n\t\t\t<div class=\"elementor-widget-wrap elementor-element-populated\">\n\t\t\t\t\t\t\t\t<div class=\"elementor-element elementor-element-99668f5 elementor-widget elementor-widget-heading\" data-id=\"99668f5\" data-element_type=\"widget\" data-widget_type=\"heading.default\">\n\t\t\t\t<div class=\"elementor-widget-container\">\n\t\t\t<h3 class=\"elementor-heading-title elementor-size-default\">Empleados del plan de salud<\/h3>\t\t<\/div>\n\t\t\t\t<\/div>\n\t\t\t\t<div class=\"elementor-element elementor-element-f2516f5 elementor-widget elementor-widget-heading\" data-id=\"f2516f5\" data-element_type=\"widget\" data-widget_type=\"heading.default\">\n\t\t\t\t<div class=\"elementor-widget-container\">\n\t\t\t<div class=\"elementor-heading-title elementor-size-default\">\u00a1Es f\u00e1cil configurar un boleto! Simplemente env\u00ede un correo electr\u00f3nico usando el bot\u00f3n de abajo&nbsp; donde su correo electr\u00f3nico se convertir\u00e1 autom\u00e1ticamente en un ticket.<\/span><\/div>\t\t<\/div>\n\t\t\t\t<\/div>\n\t\t\t\t\t<\/div>\n\t\t<\/div>\n\t\t\t\t\t\t\t<\/div>\n\t\t<\/section>\n\t\t\t\t<div class=\"elementor-element elementor-element-828fa40 elementor-align-center elementor-tablet-align-center elementor-mobile-align-center elementor-widget elementor-widget-button\" data-id=\"828fa40\" data-element_type=\"widget\" data-widget_type=\"button.default\">\n\t\t\t\t<div class=\"elementor-widget-container\">\n\t\t\t\t\t<div class=\"elementor-button-wrapper\">\n\t\t\t<a class=\"elementor-button elementor-button-link elementor-size-sm\" href=\"\">\n\t\t\t\t\t\t<span class=\"elementor-button-content-wrapper\">\n\t\t\t\t\t\t<span class=\"elementor-button-text\">Env\u00edenos un correo electr\u00f3nico aqu\u00ed<\/span>\n\t\t<\/span>\n\t\t\t\t\t<\/a>\n\t\t<\/div>\n\t\t\t\t<\/div>\n\t\t\t\t<\/div>\n\t\t\t\t\t<\/div>\n\t\t<\/div>\n\t\t\t\t<div class=\"elementor-column elementor-col-50 elementor-top-column elementor-element elementor-element-48a7851\" data-id=\"48a7851\" data-element_type=\"column\">\n\t\t\t<div class=\"elementor-widget-wrap elementor-element-populated\">\n\t\t\t\t\t\t\t\t<section class=\"elementor-section elementor-inner-section elementor-element elementor-element-d3b0b99 elementor-section-boxed elementor-section-height-default elementor-section-height-default\" data-id=\"d3b0b99\" data-element_type=\"section\">\n\t\t\t\t\t\t<div class=\"elementor-container elementor-column-gap-default\">\n\t\t\t\t\t<div class=\"elementor-column elementor-col-50 elementor-inner-column elementor-element elementor-element-54b9fbc\" data-id=\"54b9fbc\" data-element_type=\"column\">\n\t\t\t<div class=\"elementor-widget-wrap elementor-element-populated\">\n\t\t\t\t\t\t\t\t<div class=\"elementor-element elementor-element-ea2ae34 elementor-view-default elementor-widget elementor-widget-icon\" data-id=\"ea2ae34\" data-element_type=\"widget\" data-widget_type=\"icon.default\">\n\t\t\t\t<div class=\"elementor-widget-container\">\n\t\t\t\t\t<div class=\"elementor-icon-wrapper\">\n\t\t\t<div class=\"elementor-icon\">\n\t\t\t<i aria-hidden=\"true\" class=\"far fa-user-circle\"><\/i>\t\t\t<\/div>\n\t\t<\/div>\n\t\t\t\t<\/div>\n\t\t\t\t<\/div>\n\t\t\t\t\t<\/div>\n\t\t<\/div>\n\t\t\t\t<div class=\"elementor-column elementor-col-50 elementor-inner-column elementor-element elementor-element-c1a03e8\" data-id=\"c1a03e8\" data-element_type=\"column\">\n\t\t\t<div class=\"elementor-widget-wrap elementor-element-populated\">\n\t\t\t\t\t\t\t\t<div class=\"elementor-element elementor-element-3b321d5 elementor-widget elementor-widget-heading\" data-id=\"3b321d5\" data-element_type=\"widget\" data-widget_type=\"heading.default\">\n\t\t\t\t<div class=\"elementor-widget-container\">\n\t\t\t<h3 class=\"elementor-heading-title elementor-size-default\">Cl\u00ednicos de periscopio<\/h3>\t\t<\/div>\n\t\t\t\t<\/div>\n\t\t\t\t<div class=\"elementor-element elementor-element-6e653d6 elementor-widget elementor-widget-heading\" data-id=\"6e653d6\" data-element_type=\"widget\" data-widget_type=\"heading.default\">\n\t\t\t\t<div class=\"elementor-widget-container\">\n\t\t\t<div class=\"elementor-heading-title elementor-size-default\">Inicie sesi\u00f3n a continuaci\u00f3n para enviar un ticket. Si tiene dificultades para configurar su cuenta o no ha recibido un correo electr\u00f3nico de activaci\u00f3n, cont\u00e1ctenos&nbsp;<\/span><a href=\"mailto:%20crusoe.birkhead@periscope365.com\" style=\"background-color: rgb(255, 255, 255); font-family: Larsseit, sans-serif; color: blue; font-size: 14px; font-weight: var( --e-global-typography-accent-font-weight ); line-height: var( --e-global-typography-accent-line-height ); white-space: normal;\">aqu\u00ed<\/a> <span style=\"color: rgb(136, 136, 136); font-size: 14px; white-space: normal;\">_<\/span><\/div>\t\t<\/div>\n\t\t\t\t<\/div>\n\t\t\t\t\t<\/div>\n\t\t<\/div>\n\t\t\t\t\t\t\t<\/div>\n\t\t<\/section>\n\t\t\t\t<div class=\"elementor-element elementor-element-60352cb elementor-align-center elementor-widget elementor-widget-button\" data-id=\"60352cb\" data-element_type=\"widget\" data-widget_type=\"button.default\">\n\t\t\t\t<div class=\"elementor-widget-container\">\n\t\t\t\t\t<div class=\"elementor-button-wrapper\">\n\t\t\t<a class=\"elementor-button elementor-button-link elementor-size-sm\" href=\"https:\/\/periscope365.atlassian.net\/servicedesk\/customer\/portal\/2\">\n\t\t\t\t\t\t<span class=\"elementor-button-content-wrapper\">\n\t\t\t\t\t\t<span class=\"elementor-button-text\">Iniciar sesi\u00f3n<\/span>\n\t\t<\/span>\n\t\t\t\t\t<\/a>\n\t\t<\/div>\n\t\t\t\t<\/div>\n\t\t\t\t<\/div>\n\t\t\t\t\t<\/div>\n\t\t<\/div>\n\t\t\t\t\t\t\t<\/div>\n\t\t<\/section>\n\t\t\t\t<section class=\"elementor-section elementor-top-section elementor-element elementor-element-10eda50 elementor-section-boxed elementor-section-height-default elementor-section-height-default\" data-id=\"10eda50\" data-element_type=\"section\">\n\t\t\t\t\t\t<div class=\"elementor-container elementor-column-gap-default\">\n\t\t\t\t\t<div class=\"elementor-column elementor-col-100 elementor-top-column elementor-element elementor-element-b522645\" data-id=\"b522645\" data-element_type=\"column\">\n\t\t\t<div class=\"elementor-widget-wrap elementor-element-populated\">\n\t\t\t\t\t\t\t\t<div class=\"elementor-element elementor-element-0358e56 elementor-widget elementor-widget-html\" data-id=\"0358e56\" data-element_type=\"widget\" data-widget_type=\"html.default\">\n\t\t\t\t<div class=\"elementor-widget-container\">\n\t\t\t<style>.footer-column.col-md-3 {\n    display: none;\n}\n<\/style>\t\t<\/div>\n\t\t\t\t<\/div>\n\t\t\t\t\t<\/div>\n\t\t<\/div>\n\t\t\t\t\t\t\t<\/div>\n\t\t<\/section>\n\t\t\t\t\t\t\t<\/div>\n\t\t","protected":false},"excerpt":{"rendered":"<p>Soporte con el que puede contar El Departamento de TI de Periscope est\u00e1 aqu\u00ed para ayudarlo con tiempos de respuesta r\u00e1pidos y un servicio&hellip;<\/p>\n","protected":false},"author":5,"featured_media":0,"parent":0,"menu_order":0,"comment_status":"closed","ping_status":"closed","template":"","meta":{"footnotes":""},"class_list":["post-4153","page","type-page","status-publish","hentry","no-view-share"],"yoast_head":"<!-- This site is optimized with the Yoast SEO plugin v23.8 - https:\/\/yoast.com\/wordpress\/plugins\/seo\/ -->\n<title>Apoyo | Periscope<\/title>\n<meta name=\"description\" content=\"Our expert, objective, and timely assessments provide clients critical information, otherwise unavailable to them, to improve their decision-making accuracy.\" \/>\n<meta name=\"robots\" content=\"index, follow, max-snippet:-1, max-image-preview:large, max-video-preview:-1\" \/>\n<link rel=\"canonical\" href=\"https:\/\/www.periscope365.com\/support\/\" \/>\n<meta property=\"og:locale\" content=\"es_ES\" \/>\n<meta property=\"og:type\" content=\"article\" \/>\n<meta property=\"og:title\" content=\"Apoyo | Periscope\" \/>\n<meta property=\"og:description\" content=\"Our expert, objective, and timely assessments provide clients critical information, otherwise unavailable to them, to improve their decision-making accuracy.\" \/>\n<meta property=\"og:url\" content=\"https:\/\/www.periscope365.com\/support\/\" \/>\n<meta property=\"og:site_name\" content=\"Periscope\" \/>\n<meta property=\"article:modified_time\" content=\"2022-05-03T15:36:06+00:00\" \/>\n<meta property=\"og:image\" content=\"https:\/\/www.periscope365.com\/wp-content\/uploads\/2022\/01\/BigPeriscopeLogo.png\" \/>\n\t<meta property=\"og:image:width\" content=\"547\" \/>\n\t<meta property=\"og:image:height\" content=\"492\" \/>\n\t<meta property=\"og:image:type\" content=\"image\/png\" \/>\n<meta name=\"twitter:card\" content=\"summary_large_image\" \/>\n<meta name=\"twitter:label1\" content=\"Tiempo de lectura\" \/>\n\t<meta name=\"twitter:data1\" content=\"1 minuto\" \/>\n<script type=\"application\/ld+json\" class=\"yoast-schema-graph\">{\"@context\":\"https:\/\/schema.org\",\"@graph\":[{\"@type\":\"WebPage\",\"@id\":\"https:\/\/www.periscope365.com\/support\/\",\"url\":\"https:\/\/www.periscope365.com\/support\/\",\"name\":\"Apoyo | Periscope\",\"isPartOf\":{\"@id\":\"https:\/\/www.periscope365.com\/#website\"},\"datePublished\":\"2022-03-09T18:48:37+00:00\",\"dateModified\":\"2022-05-03T15:36:06+00:00\",\"description\":\"Our expert, objective, and timely assessments provide clients critical information, otherwise unavailable to them, to improve their decision-making accuracy.\",\"breadcrumb\":{\"@id\":\"https:\/\/www.periscope365.com\/support\/#breadcrumb\"},\"inLanguage\":\"es\",\"potentialAction\":[{\"@type\":\"ReadAction\",\"target\":[\"https:\/\/www.periscope365.com\/support\/\"]}]},{\"@type\":\"BreadcrumbList\",\"@id\":\"https:\/\/www.periscope365.com\/support\/#breadcrumb\",\"itemListElement\":[{\"@type\":\"ListItem\",\"position\":1,\"name\":\"Home\",\"item\":\"https:\/\/www.periscope365.com\/\"},{\"@type\":\"ListItem\",\"position\":2,\"name\":\"Apoyo\"}]},{\"@type\":\"WebSite\",\"@id\":\"https:\/\/www.periscope365.com\/#website\",\"url\":\"https:\/\/www.periscope365.com\/\",\"name\":\"periscope365.com\",\"description\":\"\",\"publisher\":{\"@id\":\"https:\/\/www.periscope365.com\/#organization\"},\"potentialAction\":[{\"@type\":\"SearchAction\",\"target\":{\"@type\":\"EntryPoint\",\"urlTemplate\":\"https:\/\/www.periscope365.com\/?s={search_term_string}\"},\"query-input\":{\"@type\":\"PropertyValueSpecification\",\"valueRequired\":true,\"valueName\":\"search_term_string\"}}],\"inLanguage\":\"es\"},{\"@type\":\"Organization\",\"@id\":\"https:\/\/www.periscope365.com\/#organization\",\"name\":\"Periscope\",\"url\":\"https:\/\/www.periscope365.com\/\",\"logo\":{\"@type\":\"ImageObject\",\"inLanguage\":\"es\",\"@id\":\"https:\/\/www.periscope365.com\/#\/schema\/logo\/image\/\",\"url\":\"https:\/\/www.periscope365.com\/wp-content\/uploads\/2024\/11\/logo_icon.png\",\"contentUrl\":\"https:\/\/www.periscope365.com\/wp-content\/uploads\/2024\/11\/logo_icon.png\",\"width\":342,\"height\":336,\"caption\":\"Periscope\"},\"image\":{\"@id\":\"https:\/\/www.periscope365.com\/#\/schema\/logo\/image\/\"}}]}<\/script>\n<!-- \/ Yoast SEO plugin. -->","yoast_head_json":{"title":"Apoyo | Periscope","description":"Our expert, objective, and timely assessments provide clients critical information, otherwise unavailable to them, to improve their decision-making accuracy.","robots":{"index":"index","follow":"follow","max-snippet":"max-snippet:-1","max-image-preview":"max-image-preview:large","max-video-preview":"max-video-preview:-1"},"canonical":"https:\/\/www.periscope365.com\/support\/","og_locale":"es_ES","og_type":"article","og_title":"Apoyo | Periscope","og_description":"Our expert, objective, and timely assessments provide clients critical information, otherwise unavailable to them, to improve their decision-making accuracy.","og_url":"https:\/\/www.periscope365.com\/support\/","og_site_name":"Periscope","article_modified_time":"2022-05-03T15:36:06+00:00","og_image":[{"width":547,"height":492,"url":"https:\/\/www.periscope365.com\/wp-content\/uploads\/2022\/01\/BigPeriscopeLogo.png","type":"image\/png"}],"twitter_card":"summary_large_image","twitter_misc":{"Tiempo de lectura":"1 minuto"},"schema":{"@context":"https:\/\/schema.org","@graph":[{"@type":"WebPage","@id":"https:\/\/www.periscope365.com\/support\/","url":"https:\/\/www.periscope365.com\/support\/","name":"Apoyo | Periscope","isPartOf":{"@id":"https:\/\/www.periscope365.com\/#website"},"datePublished":"2022-03-09T18:48:37+00:00","dateModified":"2022-05-03T15:36:06+00:00","description":"Our expert, objective, and timely assessments provide clients critical information, otherwise unavailable to them, to improve their decision-making accuracy.","breadcrumb":{"@id":"https:\/\/www.periscope365.com\/support\/#breadcrumb"},"inLanguage":"es","potentialAction":[{"@type":"ReadAction","target":["https:\/\/www.periscope365.com\/support\/"]}]},{"@type":"BreadcrumbList","@id":"https:\/\/www.periscope365.com\/support\/#breadcrumb","itemListElement":[{"@type":"ListItem","position":1,"name":"Home","item":"https:\/\/www.periscope365.com\/"},{"@type":"ListItem","position":2,"name":"Apoyo"}]},{"@type":"WebSite","@id":"https:\/\/www.periscope365.com\/#website","url":"https:\/\/www.periscope365.com\/","name":"periscope365.com","description":"","publisher":{"@id":"https:\/\/www.periscope365.com\/#organization"},"potentialAction":[{"@type":"SearchAction","target":{"@type":"EntryPoint","urlTemplate":"https:\/\/www.periscope365.com\/?s={search_term_string}"},"query-input":{"@type":"PropertyValueSpecification","valueRequired":true,"valueName":"search_term_string"}}],"inLanguage":"es"},{"@type":"Organization","@id":"https:\/\/www.periscope365.com\/#organization","name":"Periscope","url":"https:\/\/www.periscope365.com\/","logo":{"@type":"ImageObject","inLanguage":"es","@id":"https:\/\/www.periscope365.com\/#\/schema\/logo\/image\/","url":"https:\/\/www.periscope365.com\/wp-content\/uploads\/2024\/11\/logo_icon.png","contentUrl":"https:\/\/www.periscope365.com\/wp-content\/uploads\/2024\/11\/logo_icon.png","width":342,"height":336,"caption":"Periscope"},"image":{"@id":"https:\/\/www.periscope365.com\/#\/schema\/logo\/image\/"}}]}},"_links":{"self":[{"href":"https:\/\/www.periscope365.com\/es\/wp-json\/wp\/v2\/pages\/4153"}],"collection":[{"href":"https:\/\/www.periscope365.com\/es\/wp-json\/wp\/v2\/pages"}],"about":[{"href":"https:\/\/www.periscope365.com\/es\/wp-json\/wp\/v2\/types\/page"}],"author":[{"embeddable":true,"href":"https:\/\/www.periscope365.com\/es\/wp-json\/wp\/v2\/users\/5"}],"replies":[{"embeddable":true,"href":"https:\/\/www.periscope365.com\/es\/wp-json\/wp\/v2\/comments?post=4153"}],"version-history":[{"count":1,"href":"https:\/\/www.periscope365.com\/es\/wp-json\/wp\/v2\/pages\/4153\/revisions"}],"predecessor-version":[{"id":4154,"href":"https:\/\/www.periscope365.com\/es\/wp-json\/wp\/v2\/pages\/4153\/revisions\/4154"}],"wp:attachment":[{"href":"https:\/\/www.periscope365.com\/es\/wp-json\/wp\/v2\/media?parent=4153"}],"curies":[{"name":"wp","href":"https:\/\/api.w.org\/{rel}","templated":true}]}}