{"id":4203,"date":"2021-02-10T17:07:36","date_gmt":"2021-02-10T17:07:36","guid":{"rendered":"https:\/\/www.periscope365.com\/casa\/"},"modified":"2022-05-03T15:58:05","modified_gmt":"2022-05-03T15:58:05","slug":"casa","status":"publish","type":"page","link":"https:\/\/www.periscope365.com\/es\/","title":{"rendered":"Casa"},"content":{"rendered":"\t\t<div data-elementor-type=\"wp-page\" data-elementor-id=\"4203\" class=\"elementor elementor-4203 elementor-11\">\n\t\t\t\t\t\t\t\t\t<div class=\"elementor-section elementor-top-section elementor-element elementor-element-2b5f6bb elementor-section-boxed elementor-section-height-default elementor-section-height-default\" data-id=\"2b5f6bb\" data-element_type=\"section\" data-settings=\"{&quot;background_background&quot;:&quot;classic&quot;}\">\n\t\t\t\t\t\t<div class=\"elementor-container elementor-column-gap-wide\">\n\t\t\t\t\t<div class=\"elementor-column elementor-col-100 elementor-top-column elementor-element elementor-element-b03d6e8\" data-id=\"b03d6e8\" data-element_type=\"column\">\n\t\t\t<div class=\"elementor-widget-wrap elementor-element-populated\">\n\t\t\t\t\t\t\t\t<div class=\"elementor-element elementor-element-2e4a6fa elementor-widget__width-initial elementor-widget-tablet__width-initial elementor-widget elementor-widget-heading\" data-id=\"2e4a6fa\" data-element_type=\"widget\" data-widget_type=\"heading.default\">\n\t\t\t\t<div class=\"elementor-widget-container\">\n\t\t\t<h1 class=\"elementor-heading-title elementor-size-default\">La informaci\u00f3n que necesita.<\/h1>\t\t<\/div>\n\t\t\t\t<\/div>\n\t\t\t\t<div class=\"elementor-element elementor-element-59e83d2 elementor-widget elementor-widget-spacer\" data-id=\"59e83d2\" data-element_type=\"widget\" data-widget_type=\"spacer.default\">\n\t\t\t\t<div class=\"elementor-widget-container\">\n\t\t\t\t\t<div class=\"elementor-spacer\">\n\t\t\t<div class=\"elementor-spacer-inner\"><\/div>\n\t\t<\/div>\n\t\t\t\t<\/div>\n\t\t\t\t<\/div>\n\t\t\t\t<div class=\"elementor-element elementor-element-be20da5 elementor-widget__width-initial elementor-widget-tablet__width-initial elementor-widget elementor-widget-text-editor\" data-id=\"be20da5\" data-element_type=\"widget\" data-widget_type=\"text-editor.default\">\n\t\t\t\t<div class=\"elementor-widget-container\">\n\t\t\t\t\t\t\t<p>Nuestras evaluaciones expertas, objetivas y oportunas brindan a los clientes informaci\u00f3n cr\u00edtica, que de otro modo no estar\u00eda disponible para ellos, para mejorar la precisi\u00f3n de su toma de decisiones.<\/p>\t\t\t\t\t\t<\/div>\n\t\t\t\t<\/div>\n\t\t\t\t<div class=\"elementor-element elementor-element-8fce747 elementor-mobile-align-center elementor-widget elementor-widget-button\" data-id=\"8fce747\" data-element_type=\"widget\" data-widget_type=\"button.default\">\n\t\t\t\t<div class=\"elementor-widget-container\">\n\t\t\t\t\t<div class=\"elementor-button-wrapper\">\n\t\t\t<a class=\"elementor-button elementor-button-link elementor-size-sm\" href=\"https:\/\/www.periscope365.com\/es\/servicios\/\">\n\t\t\t\t\t\t<span class=\"elementor-button-content-wrapper\">\n\t\t\t\t\t\t<span class=\"elementor-button-text\">qu\u00e9 hacemos?<\/span>\n\t\t<\/span>\n\t\t\t\t\t<\/a>\n\t\t<\/div>\n\t\t\t\t<\/div>\n\t\t\t\t<\/div>\n\t\t\t\t\t<\/div>\n\t\t<\/div>\n\t\t\t\t\t\t\t<\/div>\n\t\t<\/div>\n\t\t\t\t<div class=\"elementor-section elementor-top-section elementor-element elementor-element-c84cf1b elementor-section-boxed elementor-section-height-default elementor-section-height-default\" data-id=\"c84cf1b\" data-element_type=\"section\">\n\t\t\t\t\t\t<div class=\"elementor-container elementor-column-gap-wide\">\n\t\t\t\t\t<div class=\"elementor-column elementor-col-33 elementor-top-column elementor-element elementor-element-4339589\" data-id=\"4339589\" data-element_type=\"column\">\n\t\t\t<div class=\"elementor-widget-wrap elementor-element-populated\">\n\t\t\t\t\t\t\t\t<section class=\"elementor-section elementor-inner-section elementor-element elementor-element-a003671 elementor-section-boxed elementor-section-height-default elementor-section-height-default\" data-id=\"a003671\" data-element_type=\"section\">\n\t\t\t\t\t\t<div class=\"elementor-container elementor-column-gap-no\">\n\t\t\t\t\t<div class=\"elementor-column elementor-col-50 elementor-inner-column elementor-element elementor-element-c1c821c\" data-id=\"c1c821c\" data-element_type=\"column\">\n\t\t\t<div class=\"elementor-widget-wrap elementor-element-populated\">\n\t\t\t\t\t\t\t\t<div class=\"elementor-element elementor-element-575701e elementor-view-default elementor-widget elementor-widget-icon\" data-id=\"575701e\" data-element_type=\"widget\" data-widget_type=\"icon.default\">\n\t\t\t\t<div class=\"elementor-widget-container\">\n\t\t\t\t\t<div class=\"elementor-icon-wrapper\">\n\t\t\t<div class=\"elementor-icon\">\n\t\t\t<i aria-hidden=\"true\" class=\"fas fa-check\"><\/i>\t\t\t<\/div>\n\t\t<\/div>\n\t\t\t\t<\/div>\n\t\t\t\t<\/div>\n\t\t\t\t\t<\/div>\n\t\t<\/div>\n\t\t\t\t<div class=\"elementor-column elementor-col-50 elementor-inner-column elementor-element elementor-element-7d4d36e\" data-id=\"7d4d36e\" data-element_type=\"column\">\n\t\t\t<div class=\"elementor-widget-wrap elementor-element-populated\">\n\t\t\t\t\t\t\t\t<div class=\"elementor-element elementor-element-5bddd1a elementor-widget__width-initial elementor-widget elementor-widget-heading\" data-id=\"5bddd1a\" data-element_type=\"widget\" data-widget_type=\"heading.default\">\n\t\t\t\t<div class=\"elementor-widget-container\">\n\t\t\t<h3 class=\"elementor-heading-title elementor-size-default\">Experiencia en la industria<\/h3>\t\t<\/div>\n\t\t\t\t<\/div>\n\t\t\t\t<div class=\"elementor-element elementor-element-8ba48b0 elementor-widget__width-auto elementor-widget elementor-widget-heading\" data-id=\"8ba48b0\" data-element_type=\"widget\" data-widget_type=\"heading.default\">\n\t\t\t\t<div class=\"elementor-widget-container\">\n\t\t\t<div class=\"elementor-heading-title elementor-size-default\">Nuestros consultores cl\u00ednicos altamente capacitados, acreditados y autorizados brindan informaci\u00f3n detallada: toda la informaci\u00f3n que necesita<\/div>\t\t<\/div>\n\t\t\t\t<\/div>\n\t\t\t\t\t<\/div>\n\t\t<\/div>\n\t\t\t\t\t\t\t<\/div>\n\t\t<\/section>\n\t\t\t\t\t<\/div>\n\t\t<\/div>\n\t\t\t\t<div class=\"elementor-column elementor-col-33 elementor-top-column elementor-element elementor-element-e75d24d\" data-id=\"e75d24d\" data-element_type=\"column\">\n\t\t\t<div class=\"elementor-widget-wrap elementor-element-populated\">\n\t\t\t\t\t\t\t\t<section class=\"elementor-section elementor-inner-section elementor-element elementor-element-ce997d2 elementor-section-boxed elementor-section-height-default elementor-section-height-default\" data-id=\"ce997d2\" data-element_type=\"section\">\n\t\t\t\t\t\t<div class=\"elementor-container elementor-column-gap-no\">\n\t\t\t\t\t<div class=\"elementor-column elementor-col-50 elementor-inner-column elementor-element elementor-element-9dd4b0c\" data-id=\"9dd4b0c\" data-element_type=\"column\">\n\t\t\t<div class=\"elementor-widget-wrap elementor-element-populated\">\n\t\t\t\t\t\t\t\t<div class=\"elementor-element elementor-element-f748449 elementor-view-default elementor-widget elementor-widget-icon\" data-id=\"f748449\" data-element_type=\"widget\" data-widget_type=\"icon.default\">\n\t\t\t\t<div class=\"elementor-widget-container\">\n\t\t\t\t\t<div class=\"elementor-icon-wrapper\">\n\t\t\t<div class=\"elementor-icon\">\n\t\t\t<i aria-hidden=\"true\" class=\"fas fa-handshake\"><\/i>\t\t\t<\/div>\n\t\t<\/div>\n\t\t\t\t<\/div>\n\t\t\t\t<\/div>\n\t\t\t\t\t<\/div>\n\t\t<\/div>\n\t\t\t\t<div class=\"elementor-column elementor-col-50 elementor-inner-column elementor-element elementor-element-3ce38c1\" data-id=\"3ce38c1\" data-element_type=\"column\">\n\t\t\t<div class=\"elementor-widget-wrap elementor-element-populated\">\n\t\t\t\t\t\t\t\t<div class=\"elementor-element elementor-element-cd05e2b elementor-widget__width-initial elementor-widget elementor-widget-heading\" data-id=\"cd05e2b\" data-element_type=\"widget\" data-widget_type=\"heading.default\">\n\t\t\t\t<div class=\"elementor-widget-container\">\n\t\t\t<h3 class=\"elementor-heading-title elementor-size-default\">Asociaciones s\u00f3lidas<\/h3>\t\t<\/div>\n\t\t\t\t<\/div>\n\t\t\t\t<div class=\"elementor-element elementor-element-b59af08 elementor-widget__width-auto elementor-widget elementor-widget-heading\" data-id=\"b59af08\" data-element_type=\"widget\" data-widget_type=\"heading.default\">\n\t\t\t\t<div class=\"elementor-widget-container\">\n\t\t\t<div class=\"elementor-heading-title elementor-size-default\">Nos ganamos su confianza con una colaboraci\u00f3n constante, profesionalismo y conveniencia.<\/div>\t\t<\/div>\n\t\t\t\t<\/div>\n\t\t\t\t\t<\/div>\n\t\t<\/div>\n\t\t\t\t\t\t\t<\/div>\n\t\t<\/section>\n\t\t\t\t\t<\/div>\n\t\t<\/div>\n\t\t\t\t<div class=\"elementor-column elementor-col-33 elementor-top-column elementor-element elementor-element-63848f8\" data-id=\"63848f8\" data-element_type=\"column\">\n\t\t\t<div class=\"elementor-widget-wrap elementor-element-populated\">\n\t\t\t\t\t\t\t\t<section class=\"elementor-section elementor-inner-section elementor-element elementor-element-8ff34d5 elementor-section-boxed elementor-section-height-default elementor-section-height-default\" data-id=\"8ff34d5\" data-element_type=\"section\">\n\t\t\t\t\t\t<div class=\"elementor-container elementor-column-gap-no\">\n\t\t\t\t\t<div class=\"elementor-column elementor-col-50 elementor-inner-column elementor-element elementor-element-5f1c36e\" data-id=\"5f1c36e\" data-element_type=\"column\">\n\t\t\t<div class=\"elementor-widget-wrap elementor-element-populated\">\n\t\t\t\t\t\t\t\t<div class=\"elementor-element elementor-element-becd1b0 elementor-view-default elementor-widget elementor-widget-icon\" data-id=\"becd1b0\" data-element_type=\"widget\" data-widget_type=\"icon.default\">\n\t\t\t\t<div class=\"elementor-widget-container\">\n\t\t\t\t\t<div class=\"elementor-icon-wrapper\">\n\t\t\t<div class=\"elementor-icon\">\n\t\t\t<i aria-hidden=\"true\" class=\"fas fa-balance-scale\"><\/i>\t\t\t<\/div>\n\t\t<\/div>\n\t\t\t\t<\/div>\n\t\t\t\t<\/div>\n\t\t\t\t\t<\/div>\n\t\t<\/div>\n\t\t\t\t<div class=\"elementor-column elementor-col-50 elementor-inner-column elementor-element elementor-element-4cf53f3\" data-id=\"4cf53f3\" data-element_type=\"column\">\n\t\t\t<div class=\"elementor-widget-wrap elementor-element-populated\">\n\t\t\t\t\t\t\t\t<div class=\"elementor-element elementor-element-d2d5722 elementor-widget__width-auto elementor-widget elementor-widget-heading\" data-id=\"d2d5722\" data-element_type=\"widget\" data-widget_type=\"heading.default\">\n\t\t\t\t<div class=\"elementor-widget-container\">\n\t\t\t<h3 class=\"elementor-heading-title elementor-size-default\">Cuidado de la salud del tama\u00f1o adecuado<\/h3>\t\t<\/div>\n\t\t\t\t<\/div>\n\t\t\t\t<div class=\"elementor-element elementor-element-c573aeb elementor-widget__width-auto elementor-widget elementor-widget-heading\" data-id=\"c573aeb\" data-element_type=\"widget\" data-widget_type=\"heading.default\">\n\t\t\t\t<div class=\"elementor-widget-container\">\n\t\t\t<div class=\"elementor-heading-title elementor-size-default\">Brindamos las recomendaciones adecuadas para las personas adecuadas en el momento adecuado<\/div>\t\t<\/div>\n\t\t\t\t<\/div>\n\t\t\t\t\t<\/div>\n\t\t<\/div>\n\t\t\t\t\t\t\t<\/div>\n\t\t<\/section>\n\t\t\t\t\t<\/div>\n\t\t<\/div>\n\t\t\t\t\t\t\t<\/div>\n\t\t<\/div>\n\t\t<!-- dce invisible element 4daedf8 -->\t\t\t\t\t<\/div>\n\t\t","protected":false},"excerpt":{"rendered":"<p>La informaci\u00f3n que necesita. Nuestras evaluaciones expertas, objetivas y oportunas brindan a los clientes informaci\u00f3n cr\u00edtica, que de otro modo no estar\u00eda disponible para&hellip;<\/p>\n","protected":false},"author":1,"featured_media":0,"parent":0,"menu_order":0,"comment_status":"closed","ping_status":"closed","template":"","meta":{"footnotes":""},"class_list":["post-4203","page","type-page","status-publish","hentry","no-view-share"],"yoast_head":"<!-- This site is optimized with the Yoast SEO plugin v23.8 - https:\/\/yoast.com\/wordpress\/plugins\/seo\/ -->\n<title>Casa | Periscope<\/title>\n<meta name=\"description\" content=\"Our expert, objective, and timely assessments provide clients critical information, otherwise unavailable to them, to improve their decision-making accuracy.\" \/>\n<meta name=\"robots\" content=\"index, follow, max-snippet:-1, max-image-preview:large, max-video-preview:-1\" \/>\n<link rel=\"canonical\" href=\"https:\/\/www.periscope365.com\/\" \/>\n<meta property=\"og:locale\" content=\"es_ES\" \/>\n<meta property=\"og:type\" content=\"article\" \/>\n<meta property=\"og:title\" content=\"Casa | Periscope\" \/>\n<meta property=\"og:description\" content=\"Our expert, objective, and timely assessments provide clients critical information, otherwise unavailable to them, to improve their decision-making accuracy.\" \/>\n<meta property=\"og:url\" content=\"https:\/\/www.periscope365.com\/\" \/>\n<meta property=\"og:site_name\" content=\"Periscope\" \/>\n<meta property=\"article:modified_time\" content=\"2022-05-03T15:58:05+00:00\" \/>\n<meta property=\"og:image\" content=\"https:\/\/www.periscope365.com\/wp-content\/uploads\/2022\/01\/BigPeriscopeLogo.png\" \/>\n\t<meta property=\"og:image:width\" content=\"547\" \/>\n\t<meta property=\"og:image:height\" content=\"492\" \/>\n\t<meta property=\"og:image:type\" content=\"image\/png\" \/>\n<meta name=\"twitter:card\" content=\"summary_large_image\" \/>\n<meta name=\"twitter:label1\" content=\"Tiempo de lectura\" \/>\n\t<meta name=\"twitter:data1\" content=\"1 minuto\" \/>\n<script type=\"application\/ld+json\" class=\"yoast-schema-graph\">{\"@context\":\"https:\/\/schema.org\",\"@graph\":[{\"@type\":\"WebPage\",\"@id\":\"https:\/\/www.periscope365.com\/\",\"url\":\"https:\/\/www.periscope365.com\/\",\"name\":\"Casa | Periscope\",\"isPartOf\":{\"@id\":\"https:\/\/www.periscope365.com\/#website\"},\"datePublished\":\"2021-02-10T17:07:36+00:00\",\"dateModified\":\"2022-05-03T15:58:05+00:00\",\"description\":\"Our expert, objective, and timely assessments provide clients critical information, otherwise unavailable to them, to improve their decision-making accuracy.\",\"breadcrumb\":{\"@id\":\"https:\/\/www.periscope365.com\/#breadcrumb\"},\"inLanguage\":\"es\",\"potentialAction\":[{\"@type\":\"ReadAction\",\"target\":[\"https:\/\/www.periscope365.com\/\"]}]},{\"@type\":\"BreadcrumbList\",\"@id\":\"https:\/\/www.periscope365.com\/#breadcrumb\",\"itemListElement\":[{\"@type\":\"ListItem\",\"position\":1,\"name\":\"Home\",\"item\":\"https:\/\/www.periscope365.com\/\"},{\"@type\":\"ListItem\",\"position\":2,\"name\":\"Casa\"}]},{\"@type\":\"WebSite\",\"@id\":\"https:\/\/www.periscope365.com\/#website\",\"url\":\"https:\/\/www.periscope365.com\/\",\"name\":\"periscope365.com\",\"description\":\"\",\"publisher\":{\"@id\":\"https:\/\/www.periscope365.com\/#organization\"},\"potentialAction\":[{\"@type\":\"SearchAction\",\"target\":{\"@type\":\"EntryPoint\",\"urlTemplate\":\"https:\/\/www.periscope365.com\/?s={search_term_string}\"},\"query-input\":{\"@type\":\"PropertyValueSpecification\",\"valueRequired\":true,\"valueName\":\"search_term_string\"}}],\"inLanguage\":\"es\"},{\"@type\":\"Organization\",\"@id\":\"https:\/\/www.periscope365.com\/#organization\",\"name\":\"Periscope\",\"url\":\"https:\/\/www.periscope365.com\/\",\"logo\":{\"@type\":\"ImageObject\",\"inLanguage\":\"es\",\"@id\":\"https:\/\/www.periscope365.com\/#\/schema\/logo\/image\/\",\"url\":\"https:\/\/www.periscope365.com\/wp-content\/uploads\/2024\/11\/logo_icon.png\",\"contentUrl\":\"https:\/\/www.periscope365.com\/wp-content\/uploads\/2024\/11\/logo_icon.png\",\"width\":342,\"height\":336,\"caption\":\"Periscope\"},\"image\":{\"@id\":\"https:\/\/www.periscope365.com\/#\/schema\/logo\/image\/\"}}]}<\/script>\n<!-- \/ Yoast SEO plugin. -->","yoast_head_json":{"title":"Casa | Periscope","description":"Our expert, objective, and timely assessments provide clients critical information, otherwise unavailable to them, to improve their decision-making accuracy.","robots":{"index":"index","follow":"follow","max-snippet":"max-snippet:-1","max-image-preview":"max-image-preview:large","max-video-preview":"max-video-preview:-1"},"canonical":"https:\/\/www.periscope365.com\/","og_locale":"es_ES","og_type":"article","og_title":"Casa | Periscope","og_description":"Our expert, objective, and timely assessments provide clients critical information, otherwise unavailable to them, to improve their decision-making accuracy.","og_url":"https:\/\/www.periscope365.com\/","og_site_name":"Periscope","article_modified_time":"2022-05-03T15:58:05+00:00","og_image":[{"width":547,"height":492,"url":"https:\/\/www.periscope365.com\/wp-content\/uploads\/2022\/01\/BigPeriscopeLogo.png","type":"image\/png"}],"twitter_card":"summary_large_image","twitter_misc":{"Tiempo de lectura":"1 minuto"},"schema":{"@context":"https:\/\/schema.org","@graph":[{"@type":"WebPage","@id":"https:\/\/www.periscope365.com\/","url":"https:\/\/www.periscope365.com\/","name":"Casa | Periscope","isPartOf":{"@id":"https:\/\/www.periscope365.com\/#website"},"datePublished":"2021-02-10T17:07:36+00:00","dateModified":"2022-05-03T15:58:05+00:00","description":"Our expert, objective, and timely assessments provide clients critical information, otherwise unavailable to them, to improve their decision-making accuracy.","breadcrumb":{"@id":"https:\/\/www.periscope365.com\/#breadcrumb"},"inLanguage":"es","potentialAction":[{"@type":"ReadAction","target":["https:\/\/www.periscope365.com\/"]}]},{"@type":"BreadcrumbList","@id":"https:\/\/www.periscope365.com\/#breadcrumb","itemListElement":[{"@type":"ListItem","position":1,"name":"Home","item":"https:\/\/www.periscope365.com\/"},{"@type":"ListItem","position":2,"name":"Casa"}]},{"@type":"WebSite","@id":"https:\/\/www.periscope365.com\/#website","url":"https:\/\/www.periscope365.com\/","name":"periscope365.com","description":"","publisher":{"@id":"https:\/\/www.periscope365.com\/#organization"},"potentialAction":[{"@type":"SearchAction","target":{"@type":"EntryPoint","urlTemplate":"https:\/\/www.periscope365.com\/?s={search_term_string}"},"query-input":{"@type":"PropertyValueSpecification","valueRequired":true,"valueName":"search_term_string"}}],"inLanguage":"es"},{"@type":"Organization","@id":"https:\/\/www.periscope365.com\/#organization","name":"Periscope","url":"https:\/\/www.periscope365.com\/","logo":{"@type":"ImageObject","inLanguage":"es","@id":"https:\/\/www.periscope365.com\/#\/schema\/logo\/image\/","url":"https:\/\/www.periscope365.com\/wp-content\/uploads\/2024\/11\/logo_icon.png","contentUrl":"https:\/\/www.periscope365.com\/wp-content\/uploads\/2024\/11\/logo_icon.png","width":342,"height":336,"caption":"Periscope"},"image":{"@id":"https:\/\/www.periscope365.com\/#\/schema\/logo\/image\/"}}]}},"_links":{"self":[{"href":"https:\/\/www.periscope365.com\/es\/wp-json\/wp\/v2\/pages\/4203"}],"collection":[{"href":"https:\/\/www.periscope365.com\/es\/wp-json\/wp\/v2\/pages"}],"about":[{"href":"https:\/\/www.periscope365.com\/es\/wp-json\/wp\/v2\/types\/page"}],"author":[{"embeddable":true,"href":"https:\/\/www.periscope365.com\/es\/wp-json\/wp\/v2\/users\/1"}],"replies":[{"embeddable":true,"href":"https:\/\/www.periscope365.com\/es\/wp-json\/wp\/v2\/comments?post=4203"}],"version-history":[{"count":1,"href":"https:\/\/www.periscope365.com\/es\/wp-json\/wp\/v2\/pages\/4203\/revisions"}],"predecessor-version":[{"id":4204,"href":"https:\/\/www.periscope365.com\/es\/wp-json\/wp\/v2\/pages\/4203\/revisions\/4204"}],"wp:attachment":[{"href":"https:\/\/www.periscope365.com\/es\/wp-json\/wp\/v2\/media?parent=4203"}],"curies":[{"name":"wp","href":"https:\/\/api.w.org\/{rel}","templated":true}]}}