{"id":4151,"date":"2022-03-09T18:48:37","date_gmt":"2022-03-09T18:48:37","guid":{"rendered":"https:\/\/www.periscope365.com\/ung-ho\/"},"modified":"2022-05-03T15:35:53","modified_gmt":"2022-05-03T15:35:53","slug":"ung-ho","status":"publish","type":"page","link":"https:\/\/www.periscope365.com\/vi\/ung-ho\/","title":{"rendered":"\u1ee6ng h\u1ed9"},"content":{"rendered":"\t\t<div data-elementor-type=\"wp-page\" data-elementor-id=\"4151\" class=\"elementor elementor-4151 elementor-3468\">\n\t\t\t\t\t\t\t\t\t<section class=\"elementor-section elementor-top-section elementor-element elementor-element-44f9d7a elementor-section-height-min-height elementor-section-boxed elementor-section-height-default elementor-section-items-middle\" data-id=\"44f9d7a\" data-element_type=\"section\" id=\"supportcontainer\" data-settings=\"{&quot;background_background&quot;:&quot;classic&quot;}\">\n\t\t\t\t\t\t<div class=\"elementor-container elementor-column-gap-wide\">\n\t\t\t\t\t<div class=\"elementor-column elementor-col-100 elementor-top-column elementor-element elementor-element-cdcf3c8\" data-id=\"cdcf3c8\" data-element_type=\"column\" id=\"supportheading\">\n\t\t\t<div class=\"elementor-widget-wrap elementor-element-populated\">\n\t\t\t\t\t\t\t\t<div class=\"elementor-element elementor-element-cde1b48 elementor-widget elementor-widget-heading\" data-id=\"cde1b48\" data-element_type=\"widget\" data-widget_type=\"heading.default\">\n\t\t\t\t<div class=\"elementor-widget-container\">\n\t\t\t<h1 class=\"elementor-heading-title elementor-size-default\">H\u1ed7 tr\u1ee3 b\u1ea1n c\u00f3 th\u1ec3 tin t\u01b0\u1edfng<\/h1>\t\t<\/div>\n\t\t\t\t<\/div>\n\t\t\t\t<div class=\"elementor-element elementor-element-d4c6477 elementor-widget elementor-widget-heading\" data-id=\"d4c6477\" data-element_type=\"widget\" data-widget_type=\"heading.default\">\n\t\t\t\t<div class=\"elementor-widget-container\">\n\t\t\t<div class=\"elementor-heading-title elementor-size-default\">B\u1ed9 ph\u1eadn CNTT c\u1ee7a Periscope lu\u00f4n s\u1eb5n s\u00e0ng h\u1ed7 tr\u1ee3 b\u1ea1n v\u1edbi th\u1eddi gian ph\u1ea3n h\u1ed3i nhanh ch\u00f3ng v\u00e0 d\u1ecbch v\u1ee5 \u0111\u1eb7c bi\u1ec7t, gi\u00fap tr\u1ea3i nghi\u1ec7m trang web c\u1ee7a b\u1ea1n tr\u1edf n\u00ean tr\u01a1n tru v\u00e0 d\u1ec5 d\u00e0ng. <\/div>\t\t<\/div>\n\t\t\t\t<\/div>\n\t\t\t\t\t<\/div>\n\t\t<\/div>\n\t\t\t\t\t\t\t<\/div>\n\t\t<\/section>\n\t\t\t\t<section class=\"elementor-section elementor-top-section elementor-element elementor-element-72eb0fe elementor-section-boxed elementor-section-height-default elementor-section-height-default\" data-id=\"72eb0fe\" data-element_type=\"section\">\n\t\t\t\t\t\t<div class=\"elementor-container elementor-column-gap-default\">\n\t\t\t\t\t<div class=\"elementor-column elementor-col-50 elementor-top-column elementor-element elementor-element-b252502\" data-id=\"b252502\" data-element_type=\"column\">\n\t\t\t<div class=\"elementor-widget-wrap elementor-element-populated\">\n\t\t\t\t\t\t\t\t<section class=\"elementor-section elementor-inner-section elementor-element elementor-element-f069098 elementor-section-boxed elementor-section-height-default elementor-section-height-default\" data-id=\"f069098\" data-element_type=\"section\">\n\t\t\t\t\t\t<div class=\"elementor-container elementor-column-gap-default\">\n\t\t\t\t\t<div class=\"elementor-column elementor-col-50 elementor-inner-column elementor-element elementor-element-29a5fe0\" data-id=\"29a5fe0\" data-element_type=\"column\">\n\t\t\t<div class=\"elementor-widget-wrap elementor-element-populated\">\n\t\t\t\t\t\t\t\t<div class=\"elementor-element elementor-element-b5e7255 elementor-view-default elementor-widget elementor-widget-icon\" data-id=\"b5e7255\" data-element_type=\"widget\" data-widget_type=\"icon.default\">\n\t\t\t\t<div class=\"elementor-widget-container\">\n\t\t\t\t\t<div class=\"elementor-icon-wrapper\">\n\t\t\t<div class=\"elementor-icon\">\n\t\t\t<i aria-hidden=\"true\" class=\"far fa-envelope\"><\/i>\t\t\t<\/div>\n\t\t<\/div>\n\t\t\t\t<\/div>\n\t\t\t\t<\/div>\n\t\t\t\t\t<\/div>\n\t\t<\/div>\n\t\t\t\t<div class=\"elementor-column elementor-col-50 elementor-inner-column elementor-element elementor-element-7e053d4\" data-id=\"7e053d4\" data-element_type=\"column\">\n\t\t\t<div class=\"elementor-widget-wrap elementor-element-populated\">\n\t\t\t\t\t\t\t\t<div class=\"elementor-element elementor-element-99668f5 elementor-widget elementor-widget-heading\" data-id=\"99668f5\" data-element_type=\"widget\" data-widget_type=\"heading.default\">\n\t\t\t\t<div class=\"elementor-widget-container\">\n\t\t\t<h3 class=\"elementor-heading-title elementor-size-default\">Nh\u00e2n vi\u00ean ch\u01b0\u01a1ng tr\u00ecnh s\u1ee9c kh\u1ecfe<\/h3>\t\t<\/div>\n\t\t\t\t<\/div>\n\t\t\t\t<div class=\"elementor-element elementor-element-f2516f5 elementor-widget elementor-widget-heading\" data-id=\"f2516f5\" data-element_type=\"widget\" data-widget_type=\"heading.default\">\n\t\t\t\t<div class=\"elementor-widget-container\">\n\t\t\t<div class=\"elementor-heading-title elementor-size-default\">Th\u1eadt d\u1ec5 d\u00e0ng \u0111\u1ec3 thi\u1ebft l\u1eadp m\u1ed9t v\u00e9! \u0110\u01a1n gi\u1ea3n ch\u1ec9 c\u1ea7n g\u1eedi email b\u1eb1ng n\u00fat b\u00ean d\u01b0\u1edbi&nbsp; n\u01a1i email c\u1ee7a b\u1ea1n s\u1ebd \u0111\u01b0\u1ee3c t\u1ef1 \u0111\u1ed9ng chuy\u1ec3n \u0111\u1ed5i th\u00e0nh m\u1ed9t v\u00e9.<\/span><\/div>\t\t<\/div>\n\t\t\t\t<\/div>\n\t\t\t\t\t<\/div>\n\t\t<\/div>\n\t\t\t\t\t\t\t<\/div>\n\t\t<\/section>\n\t\t\t\t<div class=\"elementor-element elementor-element-828fa40 elementor-align-center elementor-tablet-align-center elementor-mobile-align-center elementor-widget elementor-widget-button\" data-id=\"828fa40\" data-element_type=\"widget\" data-widget_type=\"button.default\">\n\t\t\t\t<div class=\"elementor-widget-container\">\n\t\t\t\t\t<div class=\"elementor-button-wrapper\">\n\t\t\t<a class=\"elementor-button elementor-button-link elementor-size-sm\" href=\"mailto:%20support@periscope365.com\">\n\t\t\t\t\t\t<span class=\"elementor-button-content-wrapper\">\n\t\t\t\t\t\t<span class=\"elementor-button-text\">G\u1eedi email cho ch\u00fang t\u00f4i t\u1ea1i \u0111\u00e2y<\/span>\n\t\t<\/span>\n\t\t\t\t\t<\/a>\n\t\t<\/div>\n\t\t\t\t<\/div>\n\t\t\t\t<\/div>\n\t\t\t\t\t<\/div>\n\t\t<\/div>\n\t\t\t\t<div class=\"elementor-column elementor-col-50 elementor-top-column elementor-element elementor-element-48a7851\" data-id=\"48a7851\" data-element_type=\"column\">\n\t\t\t<div class=\"elementor-widget-wrap elementor-element-populated\">\n\t\t\t\t\t\t\t\t<section class=\"elementor-section elementor-inner-section elementor-element elementor-element-d3b0b99 elementor-section-boxed elementor-section-height-default elementor-section-height-default\" data-id=\"d3b0b99\" data-element_type=\"section\">\n\t\t\t\t\t\t<div class=\"elementor-container elementor-column-gap-default\">\n\t\t\t\t\t<div class=\"elementor-column elementor-col-50 elementor-inner-column elementor-element elementor-element-54b9fbc\" data-id=\"54b9fbc\" data-element_type=\"column\">\n\t\t\t<div class=\"elementor-widget-wrap elementor-element-populated\">\n\t\t\t\t\t\t\t\t<div class=\"elementor-element elementor-element-ea2ae34 elementor-view-default elementor-widget elementor-widget-icon\" data-id=\"ea2ae34\" data-element_type=\"widget\" data-widget_type=\"icon.default\">\n\t\t\t\t<div class=\"elementor-widget-container\">\n\t\t\t\t\t<div class=\"elementor-icon-wrapper\">\n\t\t\t<div class=\"elementor-icon\">\n\t\t\t<i aria-hidden=\"true\" class=\"far fa-user-circle\"><\/i>\t\t\t<\/div>\n\t\t<\/div>\n\t\t\t\t<\/div>\n\t\t\t\t<\/div>\n\t\t\t\t\t<\/div>\n\t\t<\/div>\n\t\t\t\t<div class=\"elementor-column elementor-col-50 elementor-inner-column elementor-element elementor-element-c1a03e8\" data-id=\"c1a03e8\" data-element_type=\"column\">\n\t\t\t<div class=\"elementor-widget-wrap elementor-element-populated\">\n\t\t\t\t\t\t\t\t<div class=\"elementor-element elementor-element-3b321d5 elementor-widget elementor-widget-heading\" data-id=\"3b321d5\" data-element_type=\"widget\" data-widget_type=\"heading.default\">\n\t\t\t\t<div class=\"elementor-widget-container\">\n\t\t\t<h3 class=\"elementor-heading-title elementor-size-default\">B\u00e1c s\u0129 l\u00e2m s\u00e0ng b\u1eb1ng k\u00ednh ti\u1ec1m v\u1ecdng<\/h3>\t\t<\/div>\n\t\t\t\t<\/div>\n\t\t\t\t<div class=\"elementor-element elementor-element-6e653d6 elementor-widget elementor-widget-heading\" data-id=\"6e653d6\" data-element_type=\"widget\" data-widget_type=\"heading.default\">\n\t\t\t\t<div class=\"elementor-widget-container\">\n\t\t\t<div class=\"elementor-heading-title elementor-size-default\">\u0110\u0103ng nh\u1eadp b\u00ean d\u01b0\u1edbi \u0111\u1ec3 g\u1eedi m\u1ed9t v\u00e9. N\u1ebfu b\u1ea1n g\u1eb7p kh\u00f3 kh\u0103n trong vi\u1ec7c thi\u1ebft l\u1eadp t\u00e0i kho\u1ea3n c\u1ee7a m\u00ecnh ho\u1eb7c ch\u01b0a nh\u1eadn \u0111\u01b0\u1ee3c email k\u00edch ho\u1ea1t, vui l\u00f2ng li\u00ean h\u1ec7 v\u1edbi ch\u00fang t\u00f4i&nbsp;<\/span><a href=\"mailto:%20crusoe.birkhead@periscope365.com\" style=\"background-color: rgb(255, 255, 255); font-family: Larsseit, sans-serif; color: blue; font-size: 14px; font-weight: var( --e-global-typography-accent-font-weight ); line-height: var( --e-global-typography-accent-line-height ); white-space: normal;\">\u1edf \u0111\u00e2y<\/a> <span style=\"color: rgb(136, 136, 136); font-size: 14px; white-space: normal;\">.<\/span><\/div>\t\t<\/div>\n\t\t\t\t<\/div>\n\t\t\t\t\t<\/div>\n\t\t<\/div>\n\t\t\t\t\t\t\t<\/div>\n\t\t<\/section>\n\t\t\t\t<div class=\"elementor-element elementor-element-60352cb elementor-align-center elementor-widget elementor-widget-button\" data-id=\"60352cb\" data-element_type=\"widget\" data-widget_type=\"button.default\">\n\t\t\t\t<div class=\"elementor-widget-container\">\n\t\t\t\t\t<div class=\"elementor-button-wrapper\">\n\t\t\t<a class=\"elementor-button elementor-button-link elementor-size-sm\" href=\"https:\/\/periscope365.atlassian.net\/servicedesk\/customer\/portal\/2\">\n\t\t\t\t\t\t<span class=\"elementor-button-content-wrapper\">\n\t\t\t\t\t\t<span class=\"elementor-button-text\">\u0110\u0103ng nh\u1eadp<\/span>\n\t\t<\/span>\n\t\t\t\t\t<\/a>\n\t\t<\/div>\n\t\t\t\t<\/div>\n\t\t\t\t<\/div>\n\t\t\t\t\t<\/div>\n\t\t<\/div>\n\t\t\t\t\t\t\t<\/div>\n\t\t<\/section>\n\t\t\t\t<section class=\"elementor-section elementor-top-section elementor-element elementor-element-10eda50 elementor-section-boxed elementor-section-height-default elementor-section-height-default\" data-id=\"10eda50\" data-element_type=\"section\">\n\t\t\t\t\t\t<div class=\"elementor-container elementor-column-gap-default\">\n\t\t\t\t\t<div class=\"elementor-column elementor-col-100 elementor-top-column elementor-element elementor-element-b522645\" data-id=\"b522645\" data-element_type=\"column\">\n\t\t\t<div class=\"elementor-widget-wrap elementor-element-populated\">\n\t\t\t\t\t\t\t\t<div class=\"elementor-element elementor-element-0358e56 elementor-widget elementor-widget-html\" data-id=\"0358e56\" data-element_type=\"widget\" data-widget_type=\"html.default\">\n\t\t\t\t<div class=\"elementor-widget-container\">\n\t\t\t<style>.footer-column.col-md-3 {\n    display: none;\n}\n<\/style>\t\t<\/div>\n\t\t\t\t<\/div>\n\t\t\t\t\t<\/div>\n\t\t<\/div>\n\t\t\t\t\t\t\t<\/div>\n\t\t<\/section>\n\t\t\t\t\t\t\t<\/div>\n\t\t","protected":false},"excerpt":{"rendered":"<p>H\u1ed7 tr\u1ee3 b\u1ea1n c\u00f3 th\u1ec3 tin t\u01b0\u1edfng B\u1ed9 ph\u1eadn CNTT c\u1ee7a Periscope lu\u00f4n s\u1eb5n s\u00e0ng h\u1ed7 tr\u1ee3 b\u1ea1n v\u1edbi th\u1eddi gian ph\u1ea3n h\u1ed3i nhanh&hellip;<\/p>\n","protected":false},"author":5,"featured_media":0,"parent":0,"menu_order":0,"comment_status":"closed","ping_status":"closed","template":"","meta":{"footnotes":""},"class_list":["post-4151","page","type-page","status-publish","hentry","no-view-share"],"yoast_head":"<!-- This site is optimized with the Yoast SEO plugin v23.8 - https:\/\/yoast.com\/wordpress\/plugins\/seo\/ -->\n<title>\u1ee6ng h\u1ed9 | Periscope<\/title>\n<meta name=\"description\" content=\"Our expert, objective, and timely assessments provide clients critical information, otherwise unavailable to them, to improve their decision-making accuracy.\" \/>\n<meta name=\"robots\" content=\"index, follow, max-snippet:-1, max-image-preview:large, max-video-preview:-1\" \/>\n<link rel=\"canonical\" href=\"https:\/\/www.periscope365.com\/support\/\" \/>\n<meta property=\"og:locale\" content=\"vi_VN\" \/>\n<meta property=\"og:type\" content=\"article\" \/>\n<meta property=\"og:title\" content=\"\u1ee6ng h\u1ed9 | Periscope\" \/>\n<meta property=\"og:description\" content=\"Our expert, objective, and timely assessments provide clients critical information, otherwise unavailable to them, to improve their decision-making accuracy.\" \/>\n<meta property=\"og:url\" content=\"https:\/\/www.periscope365.com\/support\/\" \/>\n<meta property=\"og:site_name\" content=\"Periscope\" \/>\n<meta property=\"article:modified_time\" content=\"2022-05-03T15:35:53+00:00\" \/>\n<meta property=\"og:image\" content=\"https:\/\/www.periscope365.com\/wp-content\/uploads\/2022\/01\/BigPeriscopeLogo.png\" \/>\n\t<meta property=\"og:image:width\" content=\"547\" \/>\n\t<meta property=\"og:image:height\" content=\"492\" \/>\n\t<meta property=\"og:image:type\" content=\"image\/png\" \/>\n<meta name=\"twitter:card\" content=\"summary_large_image\" \/>\n<meta name=\"twitter:label1\" content=\"Est. reading time\" \/>\n\t<meta name=\"twitter:data1\" content=\"1 minute\" \/>\n<script type=\"application\/ld+json\" class=\"yoast-schema-graph\">{\"@context\":\"https:\/\/schema.org\",\"@graph\":[{\"@type\":\"WebPage\",\"@id\":\"https:\/\/www.periscope365.com\/support\/\",\"url\":\"https:\/\/www.periscope365.com\/support\/\",\"name\":\"\u1ee6ng h\u1ed9 | Periscope\",\"isPartOf\":{\"@id\":\"https:\/\/www.periscope365.com\/#website\"},\"datePublished\":\"2022-03-09T18:48:37+00:00\",\"dateModified\":\"2022-05-03T15:35:53+00:00\",\"description\":\"Our expert, objective, and timely assessments provide clients critical information, otherwise unavailable to them, to improve their decision-making accuracy.\",\"breadcrumb\":{\"@id\":\"https:\/\/www.periscope365.com\/support\/#breadcrumb\"},\"inLanguage\":\"vi-VN\",\"potentialAction\":[{\"@type\":\"ReadAction\",\"target\":[\"https:\/\/www.periscope365.com\/support\/\"]}]},{\"@type\":\"BreadcrumbList\",\"@id\":\"https:\/\/www.periscope365.com\/support\/#breadcrumb\",\"itemListElement\":[{\"@type\":\"ListItem\",\"position\":1,\"name\":\"Home\",\"item\":\"https:\/\/www.periscope365.com\/\"},{\"@type\":\"ListItem\",\"position\":2,\"name\":\"\u1ee6ng h\u1ed9\"}]},{\"@type\":\"WebSite\",\"@id\":\"https:\/\/www.periscope365.com\/#website\",\"url\":\"https:\/\/www.periscope365.com\/\",\"name\":\"periscope365.com\",\"description\":\"\",\"publisher\":{\"@id\":\"https:\/\/www.periscope365.com\/#organization\"},\"potentialAction\":[{\"@type\":\"SearchAction\",\"target\":{\"@type\":\"EntryPoint\",\"urlTemplate\":\"https:\/\/www.periscope365.com\/?s={search_term_string}\"},\"query-input\":{\"@type\":\"PropertyValueSpecification\",\"valueRequired\":true,\"valueName\":\"search_term_string\"}}],\"inLanguage\":\"vi-VN\"},{\"@type\":\"Organization\",\"@id\":\"https:\/\/www.periscope365.com\/#organization\",\"name\":\"Periscope\",\"url\":\"https:\/\/www.periscope365.com\/\",\"logo\":{\"@type\":\"ImageObject\",\"inLanguage\":\"vi-VN\",\"@id\":\"https:\/\/www.periscope365.com\/#\/schema\/logo\/image\/\",\"url\":\"https:\/\/www.periscope365.com\/wp-content\/uploads\/2024\/11\/logo_icon.png\",\"contentUrl\":\"https:\/\/www.periscope365.com\/wp-content\/uploads\/2024\/11\/logo_icon.png\",\"width\":342,\"height\":336,\"caption\":\"Periscope\"},\"image\":{\"@id\":\"https:\/\/www.periscope365.com\/#\/schema\/logo\/image\/\"}}]}<\/script>\n<!-- \/ Yoast SEO plugin. -->","yoast_head_json":{"title":"\u1ee6ng h\u1ed9 | Periscope","description":"Our expert, objective, and timely assessments provide clients critical information, otherwise unavailable to them, to improve their decision-making accuracy.","robots":{"index":"index","follow":"follow","max-snippet":"max-snippet:-1","max-image-preview":"max-image-preview:large","max-video-preview":"max-video-preview:-1"},"canonical":"https:\/\/www.periscope365.com\/support\/","og_locale":"vi_VN","og_type":"article","og_title":"\u1ee6ng h\u1ed9 | Periscope","og_description":"Our expert, objective, and timely assessments provide clients critical information, otherwise unavailable to them, to improve their decision-making accuracy.","og_url":"https:\/\/www.periscope365.com\/support\/","og_site_name":"Periscope","article_modified_time":"2022-05-03T15:35:53+00:00","og_image":[{"width":547,"height":492,"url":"https:\/\/www.periscope365.com\/wp-content\/uploads\/2022\/01\/BigPeriscopeLogo.png","type":"image\/png"}],"twitter_card":"summary_large_image","twitter_misc":{"Est. reading time":"1 minute"},"schema":{"@context":"https:\/\/schema.org","@graph":[{"@type":"WebPage","@id":"https:\/\/www.periscope365.com\/support\/","url":"https:\/\/www.periscope365.com\/support\/","name":"\u1ee6ng h\u1ed9 | Periscope","isPartOf":{"@id":"https:\/\/www.periscope365.com\/#website"},"datePublished":"2022-03-09T18:48:37+00:00","dateModified":"2022-05-03T15:35:53+00:00","description":"Our expert, objective, and timely assessments provide clients critical information, otherwise unavailable to them, to improve their decision-making accuracy.","breadcrumb":{"@id":"https:\/\/www.periscope365.com\/support\/#breadcrumb"},"inLanguage":"vi-VN","potentialAction":[{"@type":"ReadAction","target":["https:\/\/www.periscope365.com\/support\/"]}]},{"@type":"BreadcrumbList","@id":"https:\/\/www.periscope365.com\/support\/#breadcrumb","itemListElement":[{"@type":"ListItem","position":1,"name":"Home","item":"https:\/\/www.periscope365.com\/"},{"@type":"ListItem","position":2,"name":"\u1ee6ng h\u1ed9"}]},{"@type":"WebSite","@id":"https:\/\/www.periscope365.com\/#website","url":"https:\/\/www.periscope365.com\/","name":"periscope365.com","description":"","publisher":{"@id":"https:\/\/www.periscope365.com\/#organization"},"potentialAction":[{"@type":"SearchAction","target":{"@type":"EntryPoint","urlTemplate":"https:\/\/www.periscope365.com\/?s={search_term_string}"},"query-input":{"@type":"PropertyValueSpecification","valueRequired":true,"valueName":"search_term_string"}}],"inLanguage":"vi-VN"},{"@type":"Organization","@id":"https:\/\/www.periscope365.com\/#organization","name":"Periscope","url":"https:\/\/www.periscope365.com\/","logo":{"@type":"ImageObject","inLanguage":"vi-VN","@id":"https:\/\/www.periscope365.com\/#\/schema\/logo\/image\/","url":"https:\/\/www.periscope365.com\/wp-content\/uploads\/2024\/11\/logo_icon.png","contentUrl":"https:\/\/www.periscope365.com\/wp-content\/uploads\/2024\/11\/logo_icon.png","width":342,"height":336,"caption":"Periscope"},"image":{"@id":"https:\/\/www.periscope365.com\/#\/schema\/logo\/image\/"}}]}},"_links":{"self":[{"href":"https:\/\/www.periscope365.com\/vi\/wp-json\/wp\/v2\/pages\/4151"}],"collection":[{"href":"https:\/\/www.periscope365.com\/vi\/wp-json\/wp\/v2\/pages"}],"about":[{"href":"https:\/\/www.periscope365.com\/vi\/wp-json\/wp\/v2\/types\/page"}],"author":[{"embeddable":true,"href":"https:\/\/www.periscope365.com\/vi\/wp-json\/wp\/v2\/users\/5"}],"replies":[{"embeddable":true,"href":"https:\/\/www.periscope365.com\/vi\/wp-json\/wp\/v2\/comments?post=4151"}],"version-history":[{"count":1,"href":"https:\/\/www.periscope365.com\/vi\/wp-json\/wp\/v2\/pages\/4151\/revisions"}],"predecessor-version":[{"id":4152,"href":"https:\/\/www.periscope365.com\/vi\/wp-json\/wp\/v2\/pages\/4151\/revisions\/4152"}],"wp:attachment":[{"href":"https:\/\/www.periscope365.com\/vi\/wp-json\/wp\/v2\/media?parent=4151"}],"curies":[{"name":"wp","href":"https:\/\/api.w.org\/{rel}","templated":true}]}}